{"id":6663,"date":"2020-03-13T17:51:53","date_gmt":"2020-03-13T15:51:53","guid":{"rendered":"https:\/\/etnoselostaraplanina.rs\/cazare\/"},"modified":"2020-07-15T06:45:18","modified_gmt":"2020-07-15T04:45:18","slug":"cazare","status":"publish","type":"page","link":"https:\/\/etnoselostaraplanina.rs\/ro\/cazare\/","title":{"rendered":"Cazare"},"content":{"rendered":"<section class=\"av_textblock_section \" ><div class='avia_textblock  '  ><h4>Dac\u0103 sunte\u021bi \u00een c\u0103utarea unei caz\u0103ri confortabile \u0219i accesibile, a\u021bi ajuns \u00een locul perfect. Satul rustic \u201cStara Planina\u201d v\u0103 ofer\u0103 cazare privat\u0103, fiind alegerea ideal\u0103. Capacitatea de cazare a Satului rustic este de 50 de paturi, aranjate \u00een diferite facilit\u0103\u021bi de cazare. Extinderea capacit\u0103\u021bii la 100 de paturi este \u00een curs de desf\u0103\u0219urare.<\/h4>\n<h3 style=\"text-align: center;\">Pentru informa\u021bii suna\u021bi la:<br \/>\n<strong><em>+38164\/415-98-70\u00a0<\/em><\/strong><\/h3>\n<\/div><\/section>\n<div class=\"flex_column av_one_half  flex_column_div av-zero-column-padding first  \" style='border-radius:0px; '><section class=\"av_textblock_section \" ><div class='avia_textblock  av_inherit_color  av-medium-font-size-overwrite av-medium-font-size-15'  style='color:#000000; ' ><h2>CAPACITATEA CAMEREI<\/h2>\n<p>Exist\u0103 o op\u021biune pentru toat\u0103 lumea. Camerele au urm\u0103toarea capacitate:<\/p>\n<ul>\n<li>Camere cu paturi de 2 persoane<\/li>\n<li>Camere cu 2 paturi de o persoan\u0103<\/li>\n<li>Camere cu 3 paturi<\/li>\n<li>Camere cu 4 paturi<\/li>\n<li>Camere cu 5 paturi<\/li>\n<\/ul>\n<p>Acestea sunt potrivite pentru cazare de grup sau sejur cu familia&#8230;.<\/p>\n<p>Toate camerele au o baie \u0219i \u00eenc\u0103lzire cu aburi, perfect adecvat\u0103 caz\u0103rii pe timpul iernii<\/p>\n<h2>MATERIALE NATURALE<\/h2>\n<p>Materialele folosite \u00een construirea Satului rustic \u201cStara Planina\u201d:<\/p>\n<ul>\n<li>Lemn\u00a0 &#8211; Cel mai folosit material natural, deoarece vrem ca totul s\u0103 fie autentic<\/li>\n<li>C\u0103r\u0103mid\u0103<\/li>\n<li>Piatr\u0103<\/li>\n<\/ul>\n<p>Astfel, v\u0103 oferim cadrul complet natural pe care \u00eel merita\u021bi.<\/p>\n<div id=\"gtx-trans\" style=\"position: absolute; left: 487px; top: 95.9844px;\">\n<div class=\"gtx-trans-icon\"><\/div>\n<\/div>\n<\/div><\/section><\/div>\n<div class=\"flex_column av_one_half  flex_column_div av-zero-column-padding   \" style='border-radius:0px; '><section class=\"av_textblock_section \" ><div class='avia_textblock  '  ><h2 style=\"text-align: center;\">PANORAM\u0102 DE 360 \u00b0 A CAZ\u0102RII<\/h2>\n<\/div><\/section><br \/>\n<section class=\"av_textblock_section \" ><div class='avia_textblock  '  ><div class=\"momentopress-container\"><iframe class=\"momentopress-embed\" src=\"https:\/\/momento360.com\/e\/u\/e47f1e3d40f443138f0319c9c061d089?utm_campaign=embed&amp;utm_source=other&amp;utm_medium=other&amp;heading=170&amp;pitch=0&amp;field-of-view=75\" allowfullscreen=\"allowfullscreen\"><\/iframe><\/div>\n<\/div><\/section><br \/>\n<div style='height:30px' class='hr hr-invisible  '><span class='hr-inner ' ><span class='hr-inner-style'><\/span><\/span><\/div><br \/>\n<section class=\"av_textblock_section \" ><div class='avia_textblock  '  ><div class=\"momentopress-container\"><iframe class=\"momentopress-embed\" src=\"https:\/\/momento360.com\/e\/u\/f4445723e41141b9b8395d0eef30144f?utm_campaign=embed&amp;utm_source=other&amp;utm_medium=other&amp;heading=0&amp;pitch=0&amp;field-of-view=75\" allowfullscreen=\"allowfullscreen\"><\/iframe><\/div>\n<\/div><\/section><\/p><\/div>\n<div style=' margin-top:30px; margin-bottom:30px;'  class='hr hr-custom hr-center hr-icon-yes  '><span class='hr-inner   inner-border-av-border-fat' style=' width:150px; border-color:#83a846;' ><span class='hr-inner-style'><\/span><\/span><span class='av-seperator-icon'  aria-hidden='true' data-av_icon='\ue80f' data-av_iconfont='entypo-fontello'><\/span><span class='hr-inner   inner-border-av-border-fat' style=' width:150px; border-color:#83a846;' ><span class='hr-inner-style'><\/span><\/span><\/div>\n<div class='avia-gallery  avia-gallery-1 deactivate_avia_lazyload avia_animate_when_visible ' ><div class='avia-gallery-thumb'> <a href='https:\/\/etnoselostaraplanina.rs\/wp-content\/uploads\/2017\/06\/etno-selo-stara-planina-smestaj-1-1024x768.jpg' data-rel='gallery-1' data-prev-img='https:\/\/etnoselostaraplanina.rs\/wp-content\/uploads\/2017\/06\/etno-selo-stara-planina-smestaj-1.jpg' class='first_thumb lightbox ' data-onclick='1' title='Francuski le\u017eaj' ><img data-avia-tooltip='Francuski le\u017eaj' src='https:\/\/etnoselostaraplanina.rs\/wp-content\/uploads\/2017\/06\/etno-selo-stara-planina-smestaj-1.jpg' width='495' height='371'  title='etno-selo-stara-planina-smestaj (1)' alt='smestaj etno selo Stara planina' \/><\/a> <a href='https:\/\/etnoselostaraplanina.rs\/wp-content\/uploads\/2017\/06\/etno-selo-stara-planina-smestaj-4-1024x768.jpg' data-rel='gallery-1' data-prev-img='https:\/\/etnoselostaraplanina.rs\/wp-content\/uploads\/2017\/06\/etno-selo-stara-planina-smestaj-4.jpg' class='lightbox ' data-onclick='2' title='Trokrevetne sobe' ><img data-avia-tooltip='Trokrevetne sobe' src='https:\/\/etnoselostaraplanina.rs\/wp-content\/uploads\/2017\/06\/etno-selo-stara-planina-smestaj-4.jpg' width='495' height='371'  title='etno-selo-stara-planina-smestaj (4)' alt='smestaj etno selo Stara planina' \/><\/a> <a href='https:\/\/etnoselostaraplanina.rs\/wp-content\/uploads\/2017\/06\/etno-selo-stara-planina-smestaj-2-1024x768.jpg' data-rel='gallery-1' data-prev-img='https:\/\/etnoselostaraplanina.rs\/wp-content\/uploads\/2017\/06\/etno-selo-stara-planina-smestaj-2-e1499257057537.jpg' class='lightbox ' data-onclick='3' title='Dvokrevetne sobe' ><img data-avia-tooltip='Dvokrevetne sobe' src='https:\/\/etnoselostaraplanina.rs\/wp-content\/uploads\/2017\/06\/etno-selo-stara-planina-smestaj-2-e1499257057537.jpg' width='495' height='371'  title='Sme\u0161taj' alt='smestaj etno selo Stara planina' \/><\/a> <a href='https:\/\/etnoselostaraplanina.rs\/wp-content\/uploads\/2019\/08\/m_IMG_1047.jpg' data-rel='gallery-1' data-prev-img='https:\/\/etnoselostaraplanina.rs\/wp-content\/uploads\/2019\/08\/m_IMG_1047-495x400.jpg' class='lightbox ' data-onclick='4' title='No\u0107 nad selom...' ><img data-avia-tooltip='No\u0107 nad selom&#8230;' src='https:\/\/etnoselostaraplanina.rs\/wp-content\/uploads\/2019\/08\/m_IMG_1047-495x400.jpg' width='495' height='400'  title='m_IMG_1047' alt='Etno selo Stara planina' \/><\/a> <a href='https:\/\/etnoselostaraplanina.rs\/wp-content\/uploads\/2019\/08\/m_IMG_1099.jpg' data-rel='gallery-1' data-prev-img='https:\/\/etnoselostaraplanina.rs\/wp-content\/uploads\/2019\/08\/m_IMG_1099-495x400.jpg' class='lightbox ' data-onclick='5' title='Detalji detalji...' ><img data-avia-tooltip='Detalji detalji&#8230;' src='https:\/\/etnoselostaraplanina.rs\/wp-content\/uploads\/2019\/08\/m_IMG_1099-495x400.jpg' width='495' height='400'  title='m_IMG_1099' alt='Etno selo Stara planina' \/><\/a> <a href='https:\/\/etnoselostaraplanina.rs\/wp-content\/uploads\/2019\/08\/m_IMG_2364.jpg' data-rel='gallery-1' data-prev-img='https:\/\/etnoselostaraplanina.rs\/wp-content\/uploads\/2019\/08\/m_IMG_2364-495x400.jpg' class='lightbox ' data-onclick='6' title='Svi prozori imaju komarnike' ><img data-avia-tooltip='Svi prozori imaju komarnike' src='https:\/\/etnoselostaraplanina.rs\/wp-content\/uploads\/2019\/08\/m_IMG_2364-495x400.jpg' width='495' height='400'  title='m_IMG_2364' alt='smestaj etno selo Stara planina' \/><\/a> <a href='https:\/\/etnoselostaraplanina.rs\/wp-content\/uploads\/2019\/08\/m_IMG_2365.jpg' data-rel='gallery-1' data-prev-img='https:\/\/etnoselostaraplanina.rs\/wp-content\/uploads\/2019\/08\/m_IMG_2365-495x400.jpg' class='first_thumb lightbox ' data-onclick='7' title='Drveni kreveti i uvek \u010dista posteljina od prirodnih materijala' ><img data-avia-tooltip='Drveni kreveti i uvek \u010dista posteljina od prirodnih materijala' src='https:\/\/etnoselostaraplanina.rs\/wp-content\/uploads\/2019\/08\/m_IMG_2365-495x400.jpg' width='495' height='400'  title='m_IMG_2365' alt='smestaj etno selo Stara planina' \/><\/a> <a href='https:\/\/etnoselostaraplanina.rs\/wp-content\/uploads\/2019\/08\/m_IMG_2366.jpg' data-rel='gallery-1' data-prev-img='https:\/\/etnoselostaraplanina.rs\/wp-content\/uploads\/2019\/08\/m_IMG_2366-495x400.jpg' class='lightbox ' data-onclick='8' title='Za jutarnju kafu...' ><img data-avia-tooltip='Za jutarnju kafu&#8230;' src='https:\/\/etnoselostaraplanina.rs\/wp-content\/uploads\/2019\/08\/m_IMG_2366-495x400.jpg' width='495' height='400'  title='m_IMG_2366' alt='Etno selo Stara planina' \/><\/a> <a href='https:\/\/etnoselostaraplanina.rs\/wp-content\/uploads\/2019\/08\/m_IMG_2395.jpg' data-rel='gallery-1' data-prev-img='https:\/\/etnoselostaraplanina.rs\/wp-content\/uploads\/2019\/08\/m_IMG_2395-495x400.jpg' class='lightbox ' data-onclick='9' title='... ili \u010daj' ><img data-avia-tooltip='&#8230; ili \u010daj' src='https:\/\/etnoselostaraplanina.rs\/wp-content\/uploads\/2019\/08\/m_IMG_2395-495x400.jpg' width='495' height='400'  title='m_IMG_2395' alt='Etno selo Stara planina' \/><\/a> <a href='https:\/\/etnoselostaraplanina.rs\/wp-content\/uploads\/2020\/07\/image-0-02-05-2a315321ed7febbfee17a27235a515799c6e641842afa962eae3bd67f54c43bf-V-1030x618.jpg' data-rel='gallery-1' data-prev-img='https:\/\/etnoselostaraplanina.rs\/wp-content\/uploads\/2020\/07\/image-0-02-05-2a315321ed7febbfee17a27235a515799c6e641842afa962eae3bd67f54c43bf-V-495x400.jpg' class='lightbox ' data-onclick='10' title='' ><img  src='https:\/\/etnoselostaraplanina.rs\/wp-content\/uploads\/2020\/07\/image-0-02-05-2a315321ed7febbfee17a27235a515799c6e641842afa962eae3bd67f54c43bf-V-495x400.jpg' width='495' height='400'  title='image-0-02-05-2a315321ed7febbfee17a27235a515799c6e641842afa962eae3bd67f54c43bf-V' alt='smestaj etno selo Stara planina' \/><\/a> <a href='https:\/\/etnoselostaraplanina.rs\/wp-content\/uploads\/2020\/07\/image-0-02-05-6d00d33d940a7ed23d884a38e1e2d25a8ece17c8b4a5439125c44f3e484ea85f-V-1030x618.jpg' data-rel='gallery-1' data-prev-img='https:\/\/etnoselostaraplanina.rs\/wp-content\/uploads\/2020\/07\/image-0-02-05-6d00d33d940a7ed23d884a38e1e2d25a8ece17c8b4a5439125c44f3e484ea85f-V-495x400.jpg' class='lightbox ' data-onclick='11' title='' ><img  src='https:\/\/etnoselostaraplanina.rs\/wp-content\/uploads\/2020\/07\/image-0-02-05-6d00d33d940a7ed23d884a38e1e2d25a8ece17c8b4a5439125c44f3e484ea85f-V-495x400.jpg' width='495' height='400'  title='image-0-02-05-6d00d33d940a7ed23d884a38e1e2d25a8ece17c8b4a5439125c44f3e484ea85f-V' alt='smestaj etno selo Stara planina' \/><\/a> <a href='https:\/\/etnoselostaraplanina.rs\/wp-content\/uploads\/2020\/07\/kafic-2-1030x581.jpg' data-rel='gallery-1' data-prev-img='https:\/\/etnoselostaraplanina.rs\/wp-content\/uploads\/2020\/07\/kafic-2-495x400.jpg' class='lightbox ' data-onclick='12' title='' ><img  src='https:\/\/etnoselostaraplanina.rs\/wp-content\/uploads\/2020\/07\/kafic-2-495x400.jpg' width='495' height='400'  title='kafic 2' alt='Etno selo Stara planina' \/><\/a> <a href='https:\/\/etnoselostaraplanina.rs\/wp-content\/uploads\/2020\/07\/kafic-3-Copy-1030x584.jpg' data-rel='gallery-1' data-prev-img='https:\/\/etnoselostaraplanina.rs\/wp-content\/uploads\/2020\/07\/kafic-3-Copy-495x400.jpg' class='first_thumb lightbox ' data-onclick='13' title='' ><img  src='https:\/\/etnoselostaraplanina.rs\/wp-content\/uploads\/2020\/07\/kafic-3-Copy-495x400.jpg' width='495' height='400'  title='kafic 3 - Copy' alt='Etno selo Stara planina' \/><\/a> <a href='https:\/\/etnoselostaraplanina.rs\/wp-content\/uploads\/2020\/07\/soba-1-1030x583.jpg' data-rel='gallery-1' data-prev-img='https:\/\/etnoselostaraplanina.rs\/wp-content\/uploads\/2020\/07\/soba-1-495x400.jpg' class='lightbox ' data-onclick='14' title='' ><img  src='https:\/\/etnoselostaraplanina.rs\/wp-content\/uploads\/2020\/07\/soba-1-495x400.jpg' width='495' height='400'  title='soba 1' alt='smestaj etno selo Stara planina' \/><\/a> <a href='https:\/\/etnoselostaraplanina.rs\/wp-content\/uploads\/2020\/07\/soba-2-1030x583.jpg' data-rel='gallery-1' data-prev-img='https:\/\/etnoselostaraplanina.rs\/wp-content\/uploads\/2020\/07\/soba-2-495x400.jpg' class='lightbox ' data-onclick='15' title='' ><img  src='https:\/\/etnoselostaraplanina.rs\/wp-content\/uploads\/2020\/07\/soba-2-495x400.jpg' width='495' height='400'  title='soba 2' alt='smestaj etno selo Stara planina' \/><\/a><\/div><\/div>\n<div style='height:40px' class='hr hr-invisible  '><span class='hr-inner ' ><span class='hr-inner-style'><\/span><\/span><\/div>\n<section class=\"av_textblock_section \" ><div class='avia_textblock  '  ><h3>Adresa\u021bi-ne o \u00eentrebare despre cazare:<\/h3>\n<div role=\"form\" class=\"wpcf7\" id=\"wpcf7-f3540-o1\" lang=\"en-US\" dir=\"ltr\">\n<div class=\"screen-reader-response\"><p role=\"status\" aria-live=\"polite\" aria-atomic=\"true\"><\/p> <ul><\/ul><\/div>\n<form action=\"\/ro\/wp-json\/wp\/v2\/pages\/6663#wpcf7-f3540-o1\" method=\"post\" class=\"wpcf7-form init\" novalidate=\"novalidate\" data-status=\"init\">\n<div style=\"display: none;\">\n<input type=\"hidden\" name=\"_wpcf7\" value=\"3540\" \/>\n<input type=\"hidden\" name=\"_wpcf7_version\" value=\"5.4\" \/>\n<input type=\"hidden\" name=\"_wpcf7_locale\" value=\"en_US\" \/>\n<input type=\"hidden\" name=\"_wpcf7_unit_tag\" value=\"wpcf7-f3540-o1\" \/>\n<input type=\"hidden\" name=\"_wpcf7_container_post\" value=\"0\" \/>\n<input type=\"hidden\" name=\"_wpcf7_posted_data_hash\" value=\"\" \/>\n<\/div>\n<p><label> Va\u0161e ime<br \/>\n    <span class=\"wpcf7-form-control-wrap your-name\"><input type=\"text\" name=\"your-name\" value=\"\" size=\"40\" class=\"wpcf7-form-control wpcf7-text wpcf7-validates-as-required\" aria-required=\"true\" aria-invalid=\"false\" \/><\/span> <\/label><\/p>\n<p><label> Va\u0161a email adresa<br \/>\n    <span class=\"wpcf7-form-control-wrap your-email\"><input type=\"email\" name=\"your-email\" value=\"\" size=\"40\" class=\"wpcf7-form-control wpcf7-text wpcf7-email wpcf7-validates-as-required wpcf7-validates-as-email\" aria-required=\"true\" aria-invalid=\"false\" \/><\/span> <\/label><\/p>\n<p><label>Postavite pitanje<br \/>\n    <span class=\"wpcf7-form-control-wrap your-message\"><textarea name=\"your-message\" cols=\"40\" rows=\"10\" class=\"wpcf7-form-control wpcf7-textarea\" aria-invalid=\"false\"><\/textarea><\/span> <\/label><\/p>\n<p><input type=\"submit\" value=\"Po\u0161alji\" class=\"wpcf7-form-control wpcf7-submit\" \/><\/p>\n<div class=\"wpcf7-response-output\" aria-hidden=\"true\"><\/div><\/form><\/div>\n<\/div><\/section>\n","protected":false},"excerpt":{"rendered":"","protected":false},"author":7,"featured_media":0,"parent":0,"menu_order":0,"comment_status":"closed","ping_status":"closed","template":"","meta":{"_monsterinsights_skip_tracking":false,"_monsterinsights_sitenote_active":false,"_monsterinsights_sitenote_note":"","_monsterinsights_sitenote_category":0},"yoast_head":"<!-- This site is optimized with the Yoast SEO plugin v15.9.1 - https:\/\/yoast.com\/wordpress\/plugins\/seo\/ -->\n<title>Cazare Stara Planina- Apartamente private \u00een satul etno &quot;Stara Planina&quot;<\/title>\n<meta name=\"description\" content=\"De la 10 euro v\u0103 ve\u021bi bucura de frumuse\u021bea natural\u0103 a Stara Planina. Satul etno nou construit \u201eStara Planina\u201d v\u0103 va \u00eenc\u00e2nta cu ospitalitatea.\" \/>\n<meta name=\"robots\" content=\"index, follow, max-snippet:-1, max-image-preview:large, max-video-preview:-1\" \/>\n<link rel=\"canonical\" href=\"https:\/\/etnoselostaraplanina.rs\/ro\/cazare\/\" \/>\n<meta property=\"og:locale\" content=\"ro_RO\" \/>\n<meta property=\"og:type\" content=\"article\" \/>\n<meta property=\"og:title\" content=\"Cazare Stara Planina- Apartamente private \u00een satul etno &quot;Stara Planina&quot;\" \/>\n<meta property=\"og:description\" content=\"De la 10 euro v\u0103 ve\u021bi bucura de frumuse\u021bea natural\u0103 a Stara Planina. Satul etno nou construit \u201eStara Planina\u201d v\u0103 va \u00eenc\u00e2nta cu ospitalitatea.\" \/>\n<meta property=\"og:url\" content=\"https:\/\/etnoselostaraplanina.rs\/ro\/cazare\/\" \/>\n<meta property=\"og:site_name\" content=\"Etno Selo Stara Planina\" \/>\n<meta property=\"article:publisher\" content=\"https:\/\/www.facebook.com\/etnoselostaraplanina\/\" \/>\n<meta property=\"article:modified_time\" content=\"2020-07-15T04:45:18+00:00\" \/>\n<meta property=\"og:image\" content=\"https:\/\/etnoselostaraplanina.rs\/wp-content\/uploads\/2023\/05\/Cover-Home-1.png\" \/>\n\t<meta property=\"og:image:width\" content=\"1280\" \/>\n\t<meta property=\"og:image:height\" content=\"720\" \/>\n<meta name=\"twitter:card\" content=\"summary\" \/>\n<meta name=\"twitter:label1\" content=\"Timp estimat pentru citire\">\n\t<meta name=\"twitter:data1\" content=\"3 minute\">\n<script type=\"application\/ld+json\" class=\"yoast-schema-graph\">{\"@context\":\"https:\/\/schema.org\",\"@graph\":[{\"@type\":\"Organization\",\"@id\":\"https:\/\/etnoselostaraplanina.rs\/#organization\",\"name\":\"Etno Selo Stara Planina\",\"url\":\"https:\/\/etnoselostaraplanina.rs\/\",\"sameAs\":[\"https:\/\/www.facebook.com\/etnoselostaraplanina\/\",\"https:\/\/www.instagram.com\/etnoselo_staraplanina\/\",\"https:\/\/www.youtube.com\/@etnoselostaraplanina4457\"],\"logo\":{\"@type\":\"ImageObject\",\"@id\":\"https:\/\/etnoselostaraplanina.rs\/#logo\",\"inLanguage\":\"ro-RO\",\"url\":\"https:\/\/etnoselostaraplanina.rs\/wp-content\/uploads\/2023\/07\/New-Project.png\",\"width\":500,\"height\":500,\"caption\":\"Etno Selo Stara Planina\"},\"image\":{\"@id\":\"https:\/\/etnoselostaraplanina.rs\/#logo\"}},{\"@type\":\"WebSite\",\"@id\":\"https:\/\/etnoselostaraplanina.rs\/#website\",\"url\":\"https:\/\/etnoselostaraplanina.rs\/\",\"name\":\"Etno Selo Stara Planina\",\"description\":\"Najbolje Etno Selo u Srbiji\",\"publisher\":{\"@id\":\"https:\/\/etnoselostaraplanina.rs\/#organization\"},\"potentialAction\":[{\"@type\":\"SearchAction\",\"target\":\"https:\/\/etnoselostaraplanina.rs\/?s={search_term_string}\",\"query-input\":\"required name=search_term_string\"}],\"inLanguage\":\"ro-RO\"},{\"@type\":\"WebPage\",\"@id\":\"https:\/\/etnoselostaraplanina.rs\/ro\/cazare\/#webpage\",\"url\":\"https:\/\/etnoselostaraplanina.rs\/ro\/cazare\/\",\"name\":\"Cazare Stara Planina- Apartamente private \\u00een satul etno \\\"Stara Planina\\\"\",\"isPartOf\":{\"@id\":\"https:\/\/etnoselostaraplanina.rs\/#website\"},\"datePublished\":\"2020-03-13T15:51:53+00:00\",\"dateModified\":\"2020-07-15T04:45:18+00:00\",\"description\":\"De la 10 euro v\\u0103 ve\\u021bi bucura de frumuse\\u021bea natural\\u0103 a Stara Planina. Satul etno nou construit \\u201eStara Planina\\u201d v\\u0103 va \\u00eenc\\u00e2nta cu ospitalitatea.\",\"breadcrumb\":{\"@id\":\"https:\/\/etnoselostaraplanina.rs\/ro\/cazare\/#breadcrumb\"},\"inLanguage\":\"ro-RO\",\"potentialAction\":[{\"@type\":\"ReadAction\",\"target\":[\"https:\/\/etnoselostaraplanina.rs\/ro\/cazare\/\"]}]},{\"@type\":\"BreadcrumbList\",\"@id\":\"https:\/\/etnoselostaraplanina.rs\/ro\/cazare\/#breadcrumb\",\"itemListElement\":[{\"@type\":\"ListItem\",\"position\":1,\"item\":{\"@type\":\"WebPage\",\"@id\":\"https:\/\/etnoselostaraplanina.rs\/ro\/satul-rustic-stara-planina\/\",\"url\":\"https:\/\/etnoselostaraplanina.rs\/ro\/satul-rustic-stara-planina\/\",\"name\":\"Home\"}},{\"@type\":\"ListItem\",\"position\":2,\"item\":{\"@type\":\"WebPage\",\"@id\":\"https:\/\/etnoselostaraplanina.rs\/ro\/cazare\/\",\"url\":\"https:\/\/etnoselostaraplanina.rs\/ro\/cazare\/\",\"name\":\"Cazare\"}}]}]}<\/script>\n<!-- \/ Yoast SEO plugin. -->","_links":{"self":[{"href":"https:\/\/etnoselostaraplanina.rs\/ro\/wp-json\/wp\/v2\/pages\/6663"}],"collection":[{"href":"https:\/\/etnoselostaraplanina.rs\/ro\/wp-json\/wp\/v2\/pages"}],"about":[{"href":"https:\/\/etnoselostaraplanina.rs\/ro\/wp-json\/wp\/v2\/types\/page"}],"author":[{"embeddable":true,"href":"https:\/\/etnoselostaraplanina.rs\/ro\/wp-json\/wp\/v2\/users\/7"}],"replies":[{"embeddable":true,"href":"https:\/\/etnoselostaraplanina.rs\/ro\/wp-json\/wp\/v2\/comments?post=6663"}],"version-history":[{"count":0,"href":"https:\/\/etnoselostaraplanina.rs\/ro\/wp-json\/wp\/v2\/pages\/6663\/revisions"}],"wp:attachment":[{"href":"https:\/\/etnoselostaraplanina.rs\/ro\/wp-json\/wp\/v2\/media?parent=6663"}],"curies":[{"name":"wp","href":"https:\/\/api.w.org\/{rel}","templated":true}]}}