{"id":6649,"date":"2020-03-13T17:45:10","date_gmt":"2020-03-13T15:45:10","guid":{"rendered":"https:\/\/etnoselostaraplanina.rs\/schiatul\/"},"modified":"2020-03-13T17:45:10","modified_gmt":"2020-03-13T15:45:10","slug":"schiatul","status":"publish","type":"page","link":"https:\/\/etnoselostaraplanina.rs\/ro\/schiatul\/","title":{"rendered":"Schiatul"},"content":{"rendered":"<div id='fullscreen_slider_1' class='avia-fullscreen-slider main_color   container_wrap sidebar_right'   ><a href='#next-section' title='' class='scroll-down-link av-control-hidden' aria-hidden='true' data-av_icon='\ue877' data-av_iconfont='entypo-fontello'><\/a><div  data-size='extra_large'  data-lightbox_size='large'  data-animation='fade'  data-ids=''  data-video_counter='1'  data-autoplay='false'  data-bg_slider='true'  data-slide_height='100'  data-handle='av_fullscreen'  data-interval='5'  data-class=' '  data-css_id='fullscreen_slider_1'  data-scroll_down='aviaTBscroll_down'  data-control_layout='av-control-hidden'  data-custom_markup=''  data-perma_caption='aviaTBperma_caption'  data-autoplay_stopper=''  data-image_attachment=''  data-min_height='0px'  data-stretch=''  data-default-height='100'  class='avia-slideshow avia-slideshow-1 av-slider-scroll-down-active av-control-hidden av-default-height-applied avia-slideshow-extra_large av_fullscreen   avia-fade-slider ' ><ul class='avia-slideshow-inner' style='padding-bottom: 100%;'><li  data-controls='aviaTBaviaTBvideo_controls' data-mute='aviaTBaviaTBvideo_mute' data-loop='aviaTBaviaTBvideo_loop' data-disable-autoplay=''  class=' av-video-slide av-element-cover av-video-service-youtube  av-hide-video-controls av-mute-video av-loop-video av-mobile-fallback-image av-single-slide slide-1 ' ><div data-rel='slideshow-1' class='avia-slide-wrap'  ><div class='av-click-overlay'><\/div><div class='mejs-mediaelement'><div height='1600' width='900' class='av_youtube_frame' id='player_6649_179324545_1203558737'  data-autoplay='0'  data-videoid='Jtz4s1rbZWw'  data-hd='1'  data-rel='0'  data-wmode='opaque'  data-playlist='player_6649_179324545_1203558737'  data-loop='0'  data-version='3'  data-autohide='1'  data-color='white'  data-controls='0'  data-showinfo='0'  data-iv_load_policy='3' ><\/div><\/div><\/div><\/li><\/ul><\/div><\/div>\n<div style='height:50px' class='hr hr-invisible  '><span class='hr-inner ' ><span class='hr-inner-style'><\/span><\/span><\/div>\n<div class=\"flex_column av_two_third  flex_column_div av-zero-column-padding first  \" style='border-radius:0px; '><section class=\"av_textblock_section \" ><div class='avia_textblock  av_inherit_color '  style='color:#000000; ' ><h2>SCHIATUL PE STARA PLANINA &#8211; O VIA\u021a\u0102 PE CARE \u021aI-O VEI AMINTI<\/h2>\n<p>Schiatul pe Stara Planina este o pl\u0103cere pentru to\u021bi entuzia\u0219tii sporturilor de iarn\u0103. Satul Rustic Stara Planina este localizat l\u00e2ng\u0103 cele mai mari p\u00e2rtii de schi, oferindu-le schiorilor un drum scurt de la p\u00e2rtie p\u00e2n\u0103 la o cazare confortabil\u0103.<br \/>\nStara Planina are parte de z\u0103pad\u0103 de aproape 6 luni \u0219i este o adev\u0103rat\u0103 minun\u0103\u021bie a Serbiei. Este alegerea ideal\u0103 pentru to\u021bi fanii schiatului : schiori, snowboarderi \u0219i chiar pentru copiii care iubesc fulgii de z\u0103pad\u0103 \u0219i aerul proasp\u0103t de munte.<br \/>\nSatul Rustic Stara Planina ofer\u0103 o cazare foarte confortabil\u0103 at\u00e2t pentru clien\u021bii din Serbia \u0219i din \u00eentreaga lume.<\/p>\n<\/div><\/section><\/div>\n<div class=\"flex_column av_one_third  flex_column_div av-zero-column-padding   \" style='border-radius:0px; '><div class='av-hotspot-image-container avia_animate_when_almost_visible   av-hotspot-numbered av-mobile-fallback-active    av-non-fullwidth-hotspot-image '  ><div class='av-hotspot-container'><div class='av-hotspot-container-inner-cell'><div class='av-hotspot-container-inner-wrap'><img class='avia_image ' src='https:\/\/etnoselostaraplanina.rs\/wp-content\/uploads\/2018\/01\/snow-3090067_640-300x201.jpg' alt='skijanje Etno selo Stara planina' title='skijanje Etno selo Stara planina'   \/><\/div><\/div><\/div><\/div><\/div>\n<div id='av-masonry-1' class='av-masonry noHover av-flex-size av-large-gap av-hover-overlay-active av-masonry-col-flexible av-caption-always av-caption-style- av-masonry-gallery     '  ><div class='av-masonry-container isotope av-js-disabled ' ><div class='av-masonry-entry isotope-item av-masonry-item-no-image '><\/div><a href=\"https:\/\/etnoselostaraplanina.rs\/wp-content\/uploads\/2018\/01\/chris-biron-99839-1030x773.jpg\" id='av-masonry-1-item-6660' data-av-masonry-item='6660' class='av-masonry-entry isotope-item post-6660 attachment type-attachment status-inherit hentry  av-masonry-item-with-image' title=\"\" ><div class='av-inner-masonry-sizer'><\/div><figure class='av-inner-masonry main_color'><div class=\"av-masonry-outerimage-container\"><div class=\"av-masonry-image-container\" style=\"background-image: url(https:\/\/etnoselostaraplanina.rs\/wp-content\/uploads\/2018\/01\/chris-biron-99839-705x529.jpg);\"><img src=\"https:\/\/etnoselostaraplanina.rs\/wp-content\/uploads\/2018\/01\/chris-biron-99839-705x529.jpg\" title=\"Schiatul\" alt=\"skijanje Etno selo Stara planina\" \/><\/div><\/div><figcaption class='av-inner-masonry-content site-background'><div class='av-inner-masonry-content-pos'><div class='av-inner-masonry-content-pos-content'><div class='avia-arrow'><\/div><h3 class='av-masonry-entry-title entry-title' >Schiatul<\/h3><\/div><\/div><\/figcaption><\/figure><\/a><!--end av-masonry entry--><a href=\"https:\/\/etnoselostaraplanina.rs\/wp-content\/uploads\/2018\/01\/pamela-saunders-384317-1030x687.jpg\" id='av-masonry-1-item-6659' data-av-masonry-item='6659' class='av-masonry-entry isotope-item post-6659 attachment type-attachment status-inherit hentry  av-masonry-item-with-image' title=\"\" ><div class='av-inner-masonry-sizer'><\/div><figure class='av-inner-masonry main_color'><div class=\"av-masonry-outerimage-container\"><div class=\"av-masonry-image-container\" style=\"background-image: url(https:\/\/etnoselostaraplanina.rs\/wp-content\/uploads\/2018\/01\/pamela-saunders-384317-705x470.jpg);\"><img src=\"https:\/\/etnoselostaraplanina.rs\/wp-content\/uploads\/2018\/01\/pamela-saunders-384317-705x470.jpg\" title=\"Schiatul\" alt=\"skijanje Etno selo Stara planina\" \/><\/div><\/div><figcaption class='av-inner-masonry-content site-background'><div class='av-inner-masonry-content-pos'><div class='av-inner-masonry-content-pos-content'><div class='avia-arrow'><\/div><h3 class='av-masonry-entry-title entry-title' >Schiatul<\/h3><\/div><\/div><\/figcaption><\/figure><\/a><!--end av-masonry entry--><a href=\"https:\/\/etnoselostaraplanina.rs\/wp-content\/uploads\/2018\/01\/robson-hatsukami-morgan-406785-1-1030x773.jpg\" id='av-masonry-1-item-6658' data-av-masonry-item='6658' class='av-masonry-entry isotope-item post-6658 attachment type-attachment status-inherit hentry  av-masonry-item-with-image' title=\"\" ><div class='av-inner-masonry-sizer'><\/div><figure class='av-inner-masonry main_color'><div class=\"av-masonry-outerimage-container\"><div class=\"av-masonry-image-container\" style=\"background-image: url(https:\/\/etnoselostaraplanina.rs\/wp-content\/uploads\/2018\/01\/robson-hatsukami-morgan-406785-1-705x529.jpg);\"><img src=\"https:\/\/etnoselostaraplanina.rs\/wp-content\/uploads\/2018\/01\/robson-hatsukami-morgan-406785-1-705x529.jpg\" title=\"Schiatul\" alt=\"skijanje Etno selo Stara planina\" \/><\/div><\/div><figcaption class='av-inner-masonry-content site-background'><div class='av-inner-masonry-content-pos'><div class='av-inner-masonry-content-pos-content'><div class='avia-arrow'><\/div><h3 class='av-masonry-entry-title entry-title' >Schiatul<\/h3><\/div><\/div><\/figcaption><\/figure><\/a><!--end av-masonry entry--><a href=\"https:\/\/etnoselostaraplanina.rs\/wp-content\/uploads\/2018\/01\/carina-tysvaer-21855-773x1030.jpg\" id='av-masonry-1-item-6657' data-av-masonry-item='6657' class='av-masonry-entry isotope-item post-6657 attachment type-attachment status-inherit hentry  av-masonry-item-with-image' title=\"\" ><div class='av-inner-masonry-sizer'><\/div><figure class='av-inner-masonry main_color'><div class=\"av-masonry-outerimage-container\"><div class=\"av-masonry-image-container\" style=\"background-image: url(https:\/\/etnoselostaraplanina.rs\/wp-content\/uploads\/2018\/01\/carina-tysvaer-21855-529x705.jpg);\"><img src=\"https:\/\/etnoselostaraplanina.rs\/wp-content\/uploads\/2018\/01\/carina-tysvaer-21855-529x705.jpg\" title=\"Schiatul\" alt=\"skijanje Etno selo Stara planina\" \/><\/div><\/div><figcaption class='av-inner-masonry-content site-background'><div class='av-inner-masonry-content-pos'><div class='av-inner-masonry-content-pos-content'><div class='avia-arrow'><\/div><h3 class='av-masonry-entry-title entry-title' >Schiatul<\/h3><\/div><\/div><\/figcaption><\/figure><\/a><!--end av-masonry entry--><\/div><\/div>\n<div class=\"flex_column av_one_full  no_margin flex_column_div av-zero-column-padding first  \" style='border-radius:0px; '><p><section class=\"av_textblock_section \" ><div class='avia_textblock  '  ><p>PANORAM\u0102 DE 360 \u00b0<\/p>\n<\/div><\/section><br \/>\n<section class=\"av_textblock_section \" ><div class='avia_textblock  '  ><div class=\"momentopress-container\"><iframe class=\"momentopress-embed\" src=\"https:\/\/momento360.com\/e\/u\/3c29f2ea4bd94a2cb003996c95319684?utm_campaign=embed&utm_source=other&utm_medium=other&heading=150&pitch=0&field-of-view=75\" allowfullscreen=\"allowfullscreen\"><\/iframe><\/div>\n<\/div><\/section><\/p><\/div>\n<section class=\"av_textblock_section \" ><div class='avia_textblock  av_inherit_color '  style='color:#4ecac2; ' ><div id=\"after_layer_slider_1\" class=\"main_color av_default_container_wrap container_wrap fullsize\">\n<div class=\"container\">\n<div class=\"template-page content av-content-full alpha units\">\n<div class=\"post-entry post-entry-type-page post-entry-3295\">\n<div class=\"entry-content-wrapper clearfix\">\n<section class=\"av_textblock_section\">\n<div class=\"avia_textblock \">\n<h3>Informa\u021bii la telefon +38194 415 98 70<\/h3>\n<\/div>\n<\/section>\n<\/div>\n<\/div>\n<\/div>\n<\/div>\n<\/div>\n<\/div><\/section>\n<div class=\"flex_column av_two_third  flex_column_div av-zero-column-padding first  \" style='border-radius:0px; '><\/div>\n","protected":false},"excerpt":{"rendered":"","protected":false},"author":7,"featured_media":0,"parent":0,"menu_order":0,"comment_status":"closed","ping_status":"closed","template":"","meta":{"_monsterinsights_skip_tracking":false,"_monsterinsights_sitenote_active":false,"_monsterinsights_sitenote_note":"","_monsterinsights_sitenote_category":0},"yoast_head":"<!-- This site is optimized with the Yoast SEO plugin v15.9.1 - https:\/\/yoast.com\/wordpress\/plugins\/seo\/ -->\n<title>SCHIATUL PE STARA PLANINA - O VIA\u021a\u0102 PE CARE \u021aI-O VEI AMINTI<\/title>\n<meta name=\"description\" content=\"Schiatul pe Stara Planina este o pl\u0103cere pentru to\u021bi entuzia\u0219tii sporturilor de iarn\u0103. Satul Rustic Stara Planina este localizat l\u00e2ng\u0103 cele mai mari p\u00e2rtii de schi\" \/>\n<meta name=\"robots\" content=\"index, follow, max-snippet:-1, max-image-preview:large, max-video-preview:-1\" \/>\n<link rel=\"canonical\" href=\"https:\/\/etnoselostaraplanina.rs\/ro\/schiatul\/\" \/>\n<meta property=\"og:locale\" content=\"ro_RO\" \/>\n<meta property=\"og:type\" content=\"article\" \/>\n<meta property=\"og:title\" content=\"SCHIATUL PE STARA PLANINA - O VIA\u021a\u0102 PE CARE \u021aI-O VEI AMINTI\" \/>\n<meta property=\"og:description\" content=\"Schiatul pe Stara Planina este o pl\u0103cere pentru to\u021bi entuzia\u0219tii sporturilor de iarn\u0103. Satul Rustic Stara Planina este localizat l\u00e2ng\u0103 cele mai mari p\u00e2rtii de schi\" \/>\n<meta property=\"og:url\" content=\"https:\/\/etnoselostaraplanina.rs\/ro\/schiatul\/\" \/>\n<meta property=\"og:site_name\" content=\"Etno Selo Stara Planina\" \/>\n<meta property=\"article:publisher\" content=\"https:\/\/www.facebook.com\/etnoselostaraplanina\/\" \/>\n<meta property=\"og:image\" content=\"https:\/\/etnoselostaraplanina.rs\/wp-content\/uploads\/2023\/05\/Cover-Home-1.png\" \/>\n\t<meta property=\"og:image:width\" content=\"1280\" \/>\n\t<meta property=\"og:image:height\" content=\"720\" \/>\n<meta name=\"twitter:card\" content=\"summary\" \/>\n<meta name=\"twitter:label1\" content=\"Timp estimat pentru citire\">\n\t<meta name=\"twitter:data1\" content=\"4 minute\">\n<script type=\"application\/ld+json\" class=\"yoast-schema-graph\">{\"@context\":\"https:\/\/schema.org\",\"@graph\":[{\"@type\":\"Organization\",\"@id\":\"https:\/\/etnoselostaraplanina.rs\/#organization\",\"name\":\"Etno Selo Stara Planina\",\"url\":\"https:\/\/etnoselostaraplanina.rs\/\",\"sameAs\":[\"https:\/\/www.facebook.com\/etnoselostaraplanina\/\",\"https:\/\/www.instagram.com\/etnoselo_staraplanina\/\",\"https:\/\/www.youtube.com\/@etnoselostaraplanina4457\"],\"logo\":{\"@type\":\"ImageObject\",\"@id\":\"https:\/\/etnoselostaraplanina.rs\/#logo\",\"inLanguage\":\"ro-RO\",\"url\":\"https:\/\/etnoselostaraplanina.rs\/wp-content\/uploads\/2023\/07\/New-Project.png\",\"width\":500,\"height\":500,\"caption\":\"Etno Selo Stara Planina\"},\"image\":{\"@id\":\"https:\/\/etnoselostaraplanina.rs\/#logo\"}},{\"@type\":\"WebSite\",\"@id\":\"https:\/\/etnoselostaraplanina.rs\/#website\",\"url\":\"https:\/\/etnoselostaraplanina.rs\/\",\"name\":\"Etno Selo Stara Planina\",\"description\":\"Najbolje Etno Selo u Srbiji\",\"publisher\":{\"@id\":\"https:\/\/etnoselostaraplanina.rs\/#organization\"},\"potentialAction\":[{\"@type\":\"SearchAction\",\"target\":\"https:\/\/etnoselostaraplanina.rs\/?s={search_term_string}\",\"query-input\":\"required name=search_term_string\"}],\"inLanguage\":\"ro-RO\"},{\"@type\":\"WebPage\",\"@id\":\"https:\/\/etnoselostaraplanina.rs\/ro\/schiatul\/#webpage\",\"url\":\"https:\/\/etnoselostaraplanina.rs\/ro\/schiatul\/\",\"name\":\"SCHIATUL PE STARA PLANINA - O VIA\\u021a\\u0102 PE CARE \\u021aI-O VEI AMINTI\",\"isPartOf\":{\"@id\":\"https:\/\/etnoselostaraplanina.rs\/#website\"},\"datePublished\":\"2020-03-13T15:45:10+00:00\",\"dateModified\":\"2020-03-13T15:45:10+00:00\",\"description\":\"Schiatul pe Stara Planina este o pl\\u0103cere pentru to\\u021bi entuzia\\u0219tii sporturilor de iarn\\u0103. Satul Rustic Stara Planina este localizat l\\u00e2ng\\u0103 cele mai mari p\\u00e2rtii de schi\",\"breadcrumb\":{\"@id\":\"https:\/\/etnoselostaraplanina.rs\/ro\/schiatul\/#breadcrumb\"},\"inLanguage\":\"ro-RO\",\"potentialAction\":[{\"@type\":\"ReadAction\",\"target\":[\"https:\/\/etnoselostaraplanina.rs\/ro\/schiatul\/\"]}]},{\"@type\":\"BreadcrumbList\",\"@id\":\"https:\/\/etnoselostaraplanina.rs\/ro\/schiatul\/#breadcrumb\",\"itemListElement\":[{\"@type\":\"ListItem\",\"position\":1,\"item\":{\"@type\":\"WebPage\",\"@id\":\"https:\/\/etnoselostaraplanina.rs\/ro\/satul-rustic-stara-planina\/\",\"url\":\"https:\/\/etnoselostaraplanina.rs\/ro\/satul-rustic-stara-planina\/\",\"name\":\"Home\"}},{\"@type\":\"ListItem\",\"position\":2,\"item\":{\"@type\":\"WebPage\",\"@id\":\"https:\/\/etnoselostaraplanina.rs\/ro\/schiatul\/\",\"url\":\"https:\/\/etnoselostaraplanina.rs\/ro\/schiatul\/\",\"name\":\"Schiatul\"}}]}]}<\/script>\n<!-- \/ Yoast SEO plugin. -->","_links":{"self":[{"href":"https:\/\/etnoselostaraplanina.rs\/ro\/wp-json\/wp\/v2\/pages\/6649"}],"collection":[{"href":"https:\/\/etnoselostaraplanina.rs\/ro\/wp-json\/wp\/v2\/pages"}],"about":[{"href":"https:\/\/etnoselostaraplanina.rs\/ro\/wp-json\/wp\/v2\/types\/page"}],"author":[{"embeddable":true,"href":"https:\/\/etnoselostaraplanina.rs\/ro\/wp-json\/wp\/v2\/users\/7"}],"replies":[{"embeddable":true,"href":"https:\/\/etnoselostaraplanina.rs\/ro\/wp-json\/wp\/v2\/comments?post=6649"}],"version-history":[{"count":0,"href":"https:\/\/etnoselostaraplanina.rs\/ro\/wp-json\/wp\/v2\/pages\/6649\/revisions"}],"wp:attachment":[{"href":"https:\/\/etnoselostaraplanina.rs\/ro\/wp-json\/wp\/v2\/media?parent=6649"}],"curies":[{"name":"wp","href":"https:\/\/api.w.org\/{rel}","templated":true}]}}