{"id":6569,"date":"2020-03-13T17:36:17","date_gmt":"2020-03-13T15:36:17","guid":{"rendered":"https:\/\/etnoselostaraplanina.rs\/excursii\/"},"modified":"2020-03-13T17:36:22","modified_gmt":"2020-03-13T15:36:22","slug":"excursii","status":"publish","type":"page","link":"https:\/\/etnoselostaraplanina.rs\/ro\/excursii\/","title":{"rendered":"Excursii"},"content":{"rendered":"<section class=\"av_textblock_section \" ><div class='avia_textblock  av_inherit_color '  style='color:#000000; ' ><h2>IDEAL PENTRU EXCURSIONI\u0218TI, AVENTURIERI \u0218I IUBITORII DE NATUR\u0102<\/h2>\n<p>\u00cen vecin\u0103tatea imediat\u0103 a Satului rustic Stara Planina se afl\u0103:<\/p>\n<ul>\n<li style=\"font-weight: 400;\">Cascada BIGAR \u0219i m\u0103n\u0103stirea St. Onuphria<br \/>\n<img loading=\"lazy\" class=\"alignright size-medium wp-image-3731\" src=\"https:\/\/etnoselostaraplanina.rs\/wp-content\/uploads\/2017\/07\/vodopad-slavonjsko-grlo-stara-planina-5-1-300x199.jpg\" alt=\"\" width=\"300\" height=\"199\" srcset=\"https:\/\/etnoselostaraplanina.rs\/wp-content\/uploads\/2017\/07\/vodopad-slavonjsko-grlo-stara-planina-5-1-300x199.jpg 300w, https:\/\/etnoselostaraplanina.rs\/wp-content\/uploads\/2017\/07\/vodopad-slavonjsko-grlo-stara-planina-5-1-768x509.jpg 768w, https:\/\/etnoselostaraplanina.rs\/wp-content\/uploads\/2017\/07\/vodopad-slavonjsko-grlo-stara-planina-5-1-1030x682.jpg 1030w, https:\/\/etnoselostaraplanina.rs\/wp-content\/uploads\/2017\/07\/vodopad-slavonjsko-grlo-stara-planina-5-1-705x467.jpg 705w, https:\/\/etnoselostaraplanina.rs\/wp-content\/uploads\/2017\/07\/vodopad-slavonjsko-grlo-stara-planina-5-1-450x298.jpg 450w, https:\/\/etnoselostaraplanina.rs\/wp-content\/uploads\/2017\/07\/vodopad-slavonjsko-grlo-stara-planina-5-1.jpg 1478w\" sizes=\"(max-width: 300px) 100vw, 300px\" \/><\/li>\n<li>Cascada PILJ<\/li>\n<li>Cascada CUNGUL Jump<\/li>\n<li>Cascada TUPAVICA<\/li>\n<li>Canionul TOLODOL RIVER<\/li>\n<li>M\u0103n\u0103stirea\u00a0 St. DJORDJA din Temska<\/li>\n<li>M\u0103n\u0103stirea\u00a0 St. TROICA din Gornja Kamenica<\/li>\n<li>Biserica Binecuv\u00e2ntatei Fecioare Maria care este singura biseric\u0103 ortodox\u0103 construit\u0103 prin combinarea arhitecturilor Romane, Gotice \u0219i Moravice.<\/li>\n<li>M\u0103n\u0103stirea\u00a0 SUVODOL din Selacka<\/li>\n<li>RAVNA Archaeo Ethno Park\u2026<\/li>\n<\/ul>\n<h4 style=\"text-align: center;\">Pentru excursii pute\u021bi apela la serviciile ghidului nostru profesionist<\/h4>\n<\/div><\/section>\n<div class='avia-gallery  avia-gallery-1 deactivate_avia_lazyload avia_animate_when_visible ' ><div class='avia-gallery-thumb'> <a href='https:\/\/etnoselostaraplanina.rs\/wp-content\/uploads\/2017\/07\/rosomocki-lonci-1030x682.jpg' data-rel='gallery-1' data-prev-img='https:\/\/etnoselostaraplanina.rs\/wp-content\/uploads\/2017\/07\/rosomocki-lonci-495x400.jpg' class='first_thumb lightbox ' data-onclick='1' title='rosomocki lonci' ><img data-avia-tooltip='rosomocki lonci' src='https:\/\/etnoselostaraplanina.rs\/wp-content\/uploads\/2017\/07\/rosomocki-lonci-495x400.jpg' width='495' height='400'  title='rosomocki-lonci' alt='' \/><\/a> <a href='https:\/\/etnoselostaraplanina.rs\/wp-content\/uploads\/2017\/07\/vodopad-tri-kladenca.-1-1030x682.jpg' data-rel='gallery-1' data-prev-img='https:\/\/etnoselostaraplanina.rs\/wp-content\/uploads\/2017\/07\/vodopad-tri-kladenca.-1-495x400.jpg' class='lightbox ' data-onclick='2' title='vodopad tri kladenca' ><img data-avia-tooltip='vodopad tri kladenca' src='https:\/\/etnoselostaraplanina.rs\/wp-content\/uploads\/2017\/07\/vodopad-tri-kladenca.-1-495x400.jpg' width='495' height='400'  title='vodopad tri kladenca. (1)' alt='' \/><\/a> <a href='https:\/\/etnoselostaraplanina.rs\/wp-content\/uploads\/2017\/07\/vodopad-tri-kladenca.-2-682x1030.jpg' data-rel='gallery-1' data-prev-img='https:\/\/etnoselostaraplanina.rs\/wp-content\/uploads\/2017\/07\/vodopad-tri-kladenca.-2-495x400.jpg' class='lightbox ' data-onclick='3' title='3 kladenca' ><img data-avia-tooltip='3 kladenca' src='https:\/\/etnoselostaraplanina.rs\/wp-content\/uploads\/2017\/07\/vodopad-tri-kladenca.-2-495x400.jpg' width='495' height='400'  title='vodopad tri kladenca. (2)' alt='' \/><\/a> <a href='https:\/\/etnoselostaraplanina.rs\/wp-content\/uploads\/2017\/07\/vodopad-tri-kladenca.-3-1030x682.jpg' data-rel='gallery-1' data-prev-img='https:\/\/etnoselostaraplanina.rs\/wp-content\/uploads\/2017\/07\/vodopad-tri-kladenca.-3-495x400.jpg' class='first_thumb lightbox ' data-onclick='4' title='slavonjsko grlo' ><img data-avia-tooltip='slavonjsko grlo' src='https:\/\/etnoselostaraplanina.rs\/wp-content\/uploads\/2017\/07\/vodopad-tri-kladenca.-3-495x400.jpg' width='495' height='400'  title='vodopad tri kladenca. (3)' alt='' \/><\/a> <a href='https:\/\/etnoselostaraplanina.rs\/wp-content\/uploads\/2017\/07\/vodopad-slavonjsko-grlo-stara-planina-2-1030x682.jpg' data-rel='gallery-1' data-prev-img='https:\/\/etnoselostaraplanina.rs\/wp-content\/uploads\/2017\/07\/vodopad-slavonjsko-grlo-stara-planina-2-495x400.jpg' class='lightbox ' data-onclick='5' title='slavonjsko grlo' ><img data-avia-tooltip='slavonjsko grlo' src='https:\/\/etnoselostaraplanina.rs\/wp-content\/uploads\/2017\/07\/vodopad-slavonjsko-grlo-stara-planina-2-495x400.jpg' width='495' height='400'  title='vodopad-slavonjsko-grlo-stara-planina (2)' alt='' \/><\/a> <a href='https:\/\/etnoselostaraplanina.rs\/wp-content\/uploads\/2017\/07\/vodopad-slavonjsko-grlo-stara-planina-3-1030x682.jpg' data-rel='gallery-1' data-prev-img='https:\/\/etnoselostaraplanina.rs\/wp-content\/uploads\/2017\/07\/vodopad-slavonjsko-grlo-stara-planina-3-495x400.jpg' class='lightbox ' data-onclick='6' title='lepota stare planine' ><img data-avia-tooltip='lepota stare planine' src='https:\/\/etnoselostaraplanina.rs\/wp-content\/uploads\/2017\/07\/vodopad-slavonjsko-grlo-stara-planina-3-495x400.jpg' width='495' height='400'  title='vodopad-slavonjsko-grlo-stara-planina (3)' alt='' \/><\/a> <a href='https:\/\/etnoselostaraplanina.rs\/wp-content\/uploads\/2017\/07\/vodopad-slavonjsko-grlo-stara-planina-4-1030x682.jpg' data-rel='gallery-1' data-prev-img='https:\/\/etnoselostaraplanina.rs\/wp-content\/uploads\/2017\/07\/vodopad-slavonjsko-grlo-stara-planina-4-495x400.jpg' class='first_thumb lightbox ' data-onclick='7' title='zabacena mesta...' ><img data-avia-tooltip='zabacena mesta&#8230;' src='https:\/\/etnoselostaraplanina.rs\/wp-content\/uploads\/2017\/07\/vodopad-slavonjsko-grlo-stara-planina-4-495x400.jpg' width='495' height='400'  title='vodopad-slavonjsko-grlo-stara-planina (4)' alt='' \/><\/a> <a href='https:\/\/etnoselostaraplanina.rs\/wp-content\/uploads\/2017\/07\/vodopad-slavonjsko-grlo-stara-planina-5-1030x682.jpg' data-rel='gallery-1' data-prev-img='https:\/\/etnoselostaraplanina.rs\/wp-content\/uploads\/2017\/07\/vodopad-slavonjsko-grlo-stara-planina-5-495x400.jpg' class='lightbox ' data-onclick='8' title='jedinstveno..' ><img data-avia-tooltip='jedinstveno..' src='https:\/\/etnoselostaraplanina.rs\/wp-content\/uploads\/2017\/07\/vodopad-slavonjsko-grlo-stara-planina-5-495x400.jpg' width='495' height='400'  title='vodopad-slavonjsko-grlo-stara-planina (5)' alt='' \/><\/a> <a href='https:\/\/etnoselostaraplanina.rs\/wp-content\/uploads\/2017\/07\/vodopad-tupavica-1-1030x682.jpg' data-rel='gallery-1' data-prev-img='https:\/\/etnoselostaraplanina.rs\/wp-content\/uploads\/2017\/07\/vodopad-tupavica-1-495x400.jpg' class='lightbox ' data-onclick='9' title='tupavica vodopad' ><img data-avia-tooltip='tupavica vodopad' src='https:\/\/etnoselostaraplanina.rs\/wp-content\/uploads\/2017\/07\/vodopad-tupavica-1-495x400.jpg' width='495' height='400'  title='vodopad-tupavica (1)' alt='' \/><\/a> <a href='https:\/\/etnoselostaraplanina.rs\/wp-content\/uploads\/2017\/07\/vodopad-tupavica-2-1030x682.jpg' data-rel='gallery-1' data-prev-img='https:\/\/etnoselostaraplanina.rs\/wp-content\/uploads\/2017\/07\/vodopad-tupavica-2-495x400.jpg' class='first_thumb lightbox ' data-onclick='10' title='vodopad tupavica' ><img data-avia-tooltip='vodopad tupavica' src='https:\/\/etnoselostaraplanina.rs\/wp-content\/uploads\/2017\/07\/vodopad-tupavica-2-495x400.jpg' width='495' height='400'  title='vodopad-tupavica (2)' alt='' \/><\/a> <a href='https:\/\/etnoselostaraplanina.rs\/wp-content\/uploads\/2017\/07\/vrelo-1-1030x682.jpg' data-rel='gallery-1' data-prev-img='https:\/\/etnoselostaraplanina.rs\/wp-content\/uploads\/2017\/07\/vrelo-1-495x400.jpg' class='lightbox ' data-onclick='11' title='velo stara planina' ><img data-avia-tooltip='velo stara planina' src='https:\/\/etnoselostaraplanina.rs\/wp-content\/uploads\/2017\/07\/vrelo-1-495x400.jpg' width='495' height='400'  title='vrelo (1)' alt='' \/><\/a> <a href='https:\/\/etnoselostaraplanina.rs\/wp-content\/uploads\/2017\/07\/vrelo-2-1030x682.jpg' data-rel='gallery-1' data-prev-img='https:\/\/etnoselostaraplanina.rs\/wp-content\/uploads\/2017\/07\/vrelo-2-495x400.jpg' class='lightbox ' data-onclick='12' title='vrelo' ><img data-avia-tooltip='vrelo ' src='https:\/\/etnoselostaraplanina.rs\/wp-content\/uploads\/2017\/07\/vrelo-2-495x400.jpg' width='495' height='400'  title='vrelo (2)' alt='' \/><\/a><\/div><\/div>\n<section class=\"av_textblock_section \" ><div class='avia_textblock  av_inherit_color '  style='color:#4ecac2; ' ><p>Informa\u021bii la +38164\/4159870<\/p>\n<\/div><\/section>\n","protected":false},"excerpt":{"rendered":"","protected":false},"author":7,"featured_media":0,"parent":0,"menu_order":0,"comment_status":"closed","ping_status":"closed","template":"","meta":{"_monsterinsights_skip_tracking":false,"_monsterinsights_sitenote_active":false,"_monsterinsights_sitenote_note":"","_monsterinsights_sitenote_category":0},"yoast_head":"<!-- This site is optimized with the Yoast SEO plugin v15.9.1 - https:\/\/yoast.com\/wordpress\/plugins\/seo\/ -->\n<title>Excursii | Etno Selo Stara Planina<\/title>\n<meta name=\"robots\" content=\"index, follow, max-snippet:-1, max-image-preview:large, max-video-preview:-1\" \/>\n<link rel=\"canonical\" href=\"https:\/\/etnoselostaraplanina.rs\/ro\/excursii\/\" \/>\n<meta property=\"og:locale\" content=\"ro_RO\" \/>\n<meta property=\"og:type\" content=\"article\" \/>\n<meta property=\"og:title\" content=\"Excursii | Etno Selo Stara Planina\" \/>\n<meta property=\"og:url\" content=\"https:\/\/etnoselostaraplanina.rs\/ro\/excursii\/\" \/>\n<meta property=\"og:site_name\" content=\"Etno Selo Stara Planina\" \/>\n<meta property=\"article:publisher\" content=\"https:\/\/www.facebook.com\/etnoselostaraplanina\/\" \/>\n<meta property=\"article:modified_time\" content=\"2020-03-13T15:36:22+00:00\" \/>\n<meta property=\"og:image\" content=\"https:\/\/etnoselostaraplanina.rs\/wp-content\/uploads\/2017\/07\/vodopad-slavonjsko-grlo-stara-planina-5-1-300x199.jpg\" \/>\n<meta name=\"twitter:card\" content=\"summary\" \/>\n<meta name=\"twitter:label1\" content=\"Timp estimat pentru citire\">\n\t<meta name=\"twitter:data1\" content=\"1 minut\">\n<script type=\"application\/ld+json\" class=\"yoast-schema-graph\">{\"@context\":\"https:\/\/schema.org\",\"@graph\":[{\"@type\":\"Organization\",\"@id\":\"https:\/\/etnoselostaraplanina.rs\/#organization\",\"name\":\"Etno Selo Stara Planina\",\"url\":\"https:\/\/etnoselostaraplanina.rs\/\",\"sameAs\":[\"https:\/\/www.facebook.com\/etnoselostaraplanina\/\",\"https:\/\/www.instagram.com\/etnoselo_staraplanina\/\",\"https:\/\/www.youtube.com\/@etnoselostaraplanina4457\"],\"logo\":{\"@type\":\"ImageObject\",\"@id\":\"https:\/\/etnoselostaraplanina.rs\/#logo\",\"inLanguage\":\"ro-RO\",\"url\":\"https:\/\/etnoselostaraplanina.rs\/wp-content\/uploads\/2023\/07\/New-Project.png\",\"width\":500,\"height\":500,\"caption\":\"Etno Selo Stara Planina\"},\"image\":{\"@id\":\"https:\/\/etnoselostaraplanina.rs\/#logo\"}},{\"@type\":\"WebSite\",\"@id\":\"https:\/\/etnoselostaraplanina.rs\/#website\",\"url\":\"https:\/\/etnoselostaraplanina.rs\/\",\"name\":\"Etno Selo Stara Planina\",\"description\":\"Najbolje Etno Selo u Srbiji\",\"publisher\":{\"@id\":\"https:\/\/etnoselostaraplanina.rs\/#organization\"},\"potentialAction\":[{\"@type\":\"SearchAction\",\"target\":\"https:\/\/etnoselostaraplanina.rs\/?s={search_term_string}\",\"query-input\":\"required name=search_term_string\"}],\"inLanguage\":\"ro-RO\"},{\"@type\":\"ImageObject\",\"@id\":\"https:\/\/etnoselostaraplanina.rs\/ro\/excursii\/#primaryimage\",\"inLanguage\":\"ro-RO\",\"url\":\"https:\/\/etnoselostaraplanina.rs\/wp-content\/uploads\/2017\/07\/vodopad-slavonjsko-grlo-stara-planina-5-1.jpg\",\"width\":1478,\"height\":979},{\"@type\":\"WebPage\",\"@id\":\"https:\/\/etnoselostaraplanina.rs\/ro\/excursii\/#webpage\",\"url\":\"https:\/\/etnoselostaraplanina.rs\/ro\/excursii\/\",\"name\":\"Excursii | Etno Selo Stara Planina\",\"isPartOf\":{\"@id\":\"https:\/\/etnoselostaraplanina.rs\/#website\"},\"primaryImageOfPage\":{\"@id\":\"https:\/\/etnoselostaraplanina.rs\/ro\/excursii\/#primaryimage\"},\"datePublished\":\"2020-03-13T15:36:17+00:00\",\"dateModified\":\"2020-03-13T15:36:22+00:00\",\"breadcrumb\":{\"@id\":\"https:\/\/etnoselostaraplanina.rs\/ro\/excursii\/#breadcrumb\"},\"inLanguage\":\"ro-RO\",\"potentialAction\":[{\"@type\":\"ReadAction\",\"target\":[\"https:\/\/etnoselostaraplanina.rs\/ro\/excursii\/\"]}]},{\"@type\":\"BreadcrumbList\",\"@id\":\"https:\/\/etnoselostaraplanina.rs\/ro\/excursii\/#breadcrumb\",\"itemListElement\":[{\"@type\":\"ListItem\",\"position\":1,\"item\":{\"@type\":\"WebPage\",\"@id\":\"https:\/\/etnoselostaraplanina.rs\/ro\/satul-rustic-stara-planina\/\",\"url\":\"https:\/\/etnoselostaraplanina.rs\/ro\/satul-rustic-stara-planina\/\",\"name\":\"Home\"}},{\"@type\":\"ListItem\",\"position\":2,\"item\":{\"@type\":\"WebPage\",\"@id\":\"https:\/\/etnoselostaraplanina.rs\/ro\/excursii\/\",\"url\":\"https:\/\/etnoselostaraplanina.rs\/ro\/excursii\/\",\"name\":\"Excursii\"}}]}]}<\/script>\n<!-- \/ Yoast SEO plugin. -->","_links":{"self":[{"href":"https:\/\/etnoselostaraplanina.rs\/ro\/wp-json\/wp\/v2\/pages\/6569"}],"collection":[{"href":"https:\/\/etnoselostaraplanina.rs\/ro\/wp-json\/wp\/v2\/pages"}],"about":[{"href":"https:\/\/etnoselostaraplanina.rs\/ro\/wp-json\/wp\/v2\/types\/page"}],"author":[{"embeddable":true,"href":"https:\/\/etnoselostaraplanina.rs\/ro\/wp-json\/wp\/v2\/users\/7"}],"replies":[{"embeddable":true,"href":"https:\/\/etnoselostaraplanina.rs\/ro\/wp-json\/wp\/v2\/comments?post=6569"}],"version-history":[{"count":0,"href":"https:\/\/etnoselostaraplanina.rs\/ro\/wp-json\/wp\/v2\/pages\/6569\/revisions"}],"wp:attachment":[{"href":"https:\/\/etnoselostaraplanina.rs\/ro\/wp-json\/wp\/v2\/media?parent=6569"}],"curies":[{"name":"wp","href":"https:\/\/api.w.org\/{rel}","templated":true}]}}