{"id":6399,"date":"2020-03-13T17:28:53","date_gmt":"2020-03-13T15:28:53","guid":{"rendered":"https:\/\/etnoselostaraplanina.rs\/restaurant\/"},"modified":"2020-07-15T06:43:38","modified_gmt":"2020-07-15T04:43:38","slug":"restaurant","status":"publish","type":"page","link":"https:\/\/etnoselostaraplanina.rs\/ro\/restaurant\/","title":{"rendered":"RESTAURANT"},"content":{"rendered":"<section class=\"av_textblock_section \" ><div class='avia_textblock  av_inherit_color  av-medium-font-size-overwrite av-medium-font-size-19'  style='color:#000000; ' ><h1>RESTAURANT<\/h1>\n<p>Avem dou\u0103 restaurante, unul cu o capacitate de 50 de persoane incluz\u00e2nd muzic\u0103 de chitar\u0103 acustic\u0103 \u0219i unul mai mare, de o capacitate de 80 de persoane,\u00a0 dedicat organiz\u0103rii cinelor \u0219i a pr\u00e2nzurilor av\u00e2nd muzic\u0103 live.<\/p>\n<p>Oaspe\u021bii se pot bucura de specialit\u0103\u021bile noastre:<\/p>\n<p><img loading=\"lazy\" class=\"alignright wp-image-3675 size-portfolio\" src=\"https:\/\/etnoselostaraplanina.rs\/wp-content\/uploads\/2017\/07\/Snapshot-22-8-20-2017-6-13-PM-495x400.png\" alt=\"\" width=\"495\" height=\"400\" \/><\/p>\n<ul>\n<li>Homemade gibanica(Pie)<\/li>\n<li>Homemade sour milk<\/li>\n<li>Kachamak<\/li>\n<li>Belmuz<\/li>\n<li>Drought<\/li>\n<li>Proja<\/li>\n<li>Friptur\u0103 de miel \u0219i purcel<\/li>\n<li>Pr\u0103jituri de cas\u0103, sucuri, fructe de calitate<\/li>\n<li>Homemade brandy (Rakija)\u2026<\/li>\n<li>Sarma<\/li>\n<li>Ardei umplu\u021bi<\/li>\n<li>Tocan\u0103<\/li>\n<li>Medalioane \u00een sos de ciuperci<\/li>\n<\/ul>\n<\/div><\/section>\n<div class='avia-gallery  avia-gallery-1 deactivate_avia_lazyload avia_animate_when_visible ' ><div class='avia-gallery-thumb'> <a href='https:\/\/etnoselostaraplanina.rs\/wp-content\/uploads\/2020\/07\/restoran-1030x579.jpg' data-rel='gallery-1' data-prev-img='https:\/\/etnoselostaraplanina.rs\/wp-content\/uploads\/2020\/07\/restoran-495x400.jpg' class='first_thumb lightbox ' data-onclick='1' title='' ><img  src='https:\/\/etnoselostaraplanina.rs\/wp-content\/uploads\/2020\/07\/restoran-495x400.jpg' width='495' height='400'  title='restoran' alt='Restoran Etno selo Stara planina' \/><\/a> <a href='https:\/\/etnoselostaraplanina.rs\/wp-content\/uploads\/2020\/07\/\u0445\u0440\u0430\u043d\u0430-1030x580.jpg' data-rel='gallery-1' data-prev-img='https:\/\/etnoselostaraplanina.rs\/wp-content\/uploads\/2020\/07\/\u0445\u0440\u0430\u043d\u0430-495x400.jpg' class='lightbox ' data-onclick='2' title='' ><img  src='https:\/\/etnoselostaraplanina.rs\/wp-content\/uploads\/2020\/07\/\u0445\u0440\u0430\u043d\u0430-495x400.jpg' width='495' height='400'  title='\u0445\u0440\u0430\u043d\u0430' alt='Hrana Etno selo Stara planina' \/><\/a> <a href='https:\/\/etnoselostaraplanina.rs\/wp-content\/uploads\/2017\/07\/Snapshot-14-8-20-2017-5-43-PM.png' data-rel='gallery-1' data-prev-img='https:\/\/etnoselostaraplanina.rs\/wp-content\/uploads\/2017\/07\/Snapshot-14-8-20-2017-5-43-PM.png' class='lightbox ' data-onclick='3' title='' ><img  src='https:\/\/etnoselostaraplanina.rs\/wp-content\/uploads\/2017\/07\/Snapshot-14-8-20-2017-5-43-PM.png' width='458' height='258'  title='igra' alt='Restoran Etno selo Stara planina' \/><\/a> <a href='https:\/\/etnoselostaraplanina.rs\/wp-content\/uploads\/2017\/07\/jelo1.jpg' data-rel='gallery-1' data-prev-img='https:\/\/etnoselostaraplanina.rs\/wp-content\/uploads\/2017\/07\/jelo1-495x400.jpg' class='lightbox ' data-onclick='4' title='Predjelo' ><img data-avia-tooltip='Predjelo' src='https:\/\/etnoselostaraplanina.rs\/wp-content\/uploads\/2017\/07\/jelo1-495x400.jpg' width='495' height='400'  title='jelo1' alt='Hrana Etno selo Stara planina' \/><\/a> <a href='https:\/\/etnoselostaraplanina.rs\/wp-content\/uploads\/2017\/07\/Snapshot-14-8-20-2017-8-02-PM.png' data-rel='gallery-1' data-prev-img='https:\/\/etnoselostaraplanina.rs\/wp-content\/uploads\/2017\/07\/Snapshot-14-8-20-2017-8-02-PM-495x383.png' class='first_thumb lightbox ' data-onclick='5' title='' ><img  src='https:\/\/etnoselostaraplanina.rs\/wp-content\/uploads\/2017\/07\/Snapshot-14-8-20-2017-8-02-PM-495x383.png' width='495' height='383'  title='na zdravlje' alt='Restoran Etno selo Stara planina' \/><\/a> <a href='https:\/\/etnoselostaraplanina.rs\/wp-content\/uploads\/2017\/07\/Snapshot-16-8-20-2017-8-04-PM.png' data-rel='gallery-1' data-prev-img='https:\/\/etnoselostaraplanina.rs\/wp-content\/uploads\/2017\/07\/Snapshot-16-8-20-2017-8-04-PM-495x383.png' class='lightbox ' data-onclick='6' title='' ><img  src='https:\/\/etnoselostaraplanina.rs\/wp-content\/uploads\/2017\/07\/Snapshot-16-8-20-2017-8-04-PM-495x383.png' width='495' height='383'  title='gosti' alt='Restoran Etno selo Stara planina' \/><\/a> <a href='https:\/\/etnoselostaraplanina.rs\/wp-content\/uploads\/2017\/07\/Snapshot-17-8-20-2017-6-07-PM.png' data-rel='gallery-1' data-prev-img='https:\/\/etnoselostaraplanina.rs\/wp-content\/uploads\/2017\/07\/Snapshot-17-8-20-2017-6-07-PM-495x400.png' class='lightbox ' data-onclick='7' title='' ><img  src='https:\/\/etnoselostaraplanina.rs\/wp-content\/uploads\/2017\/07\/Snapshot-17-8-20-2017-6-07-PM-495x400.png' width='495' height='400'  title='igra' alt='' \/><\/a> <a href='https:\/\/etnoselostaraplanina.rs\/wp-content\/uploads\/2017\/07\/Snapshot-35-8-20-2017-6-48-PM.png' data-rel='gallery-1' data-prev-img='https:\/\/etnoselostaraplanina.rs\/wp-content\/uploads\/2017\/07\/Snapshot-35-8-20-2017-6-48-PM-495x400.png' class='lightbox ' data-onclick='8' title='' ><img  src='https:\/\/etnoselostaraplanina.rs\/wp-content\/uploads\/2017\/07\/Snapshot-35-8-20-2017-6-48-PM-495x400.png' width='495' height='400'  title='prase' alt='Hrana Etno selo Stara planina' \/><\/a> <a href='https:\/\/etnoselostaraplanina.rs\/wp-content\/uploads\/2020\/07\/restoran-2-1030x581.jpg' data-rel='gallery-1' data-prev-img='https:\/\/etnoselostaraplanina.rs\/wp-content\/uploads\/2020\/07\/restoran-2-495x400.jpg' class='first_thumb lightbox ' data-onclick='9' title='' ><img  src='https:\/\/etnoselostaraplanina.rs\/wp-content\/uploads\/2020\/07\/restoran-2-495x400.jpg' width='495' height='400'  title='restoran 2' alt='Restoran Etno selo Stara planina' \/><\/a> <a href='https:\/\/etnoselostaraplanina.rs\/wp-content\/uploads\/2020\/07\/restoran-3-1030x559.jpg' data-rel='gallery-1' data-prev-img='https:\/\/etnoselostaraplanina.rs\/wp-content\/uploads\/2020\/07\/restoran-3-495x400.jpg' class='lightbox ' data-onclick='10' title='' ><img  src='https:\/\/etnoselostaraplanina.rs\/wp-content\/uploads\/2020\/07\/restoran-3-495x400.jpg' width='495' height='400'  title='restoran 3' alt='Restoran Etno selo Stara planina' \/><\/a> <a href='https:\/\/etnoselostaraplanina.rs\/wp-content\/uploads\/2020\/07\/\u0440\u0435\u0441\u0442\u043e\u0440\u0430\u043d-4-1030x579.jpg' data-rel='gallery-1' data-prev-img='https:\/\/etnoselostaraplanina.rs\/wp-content\/uploads\/2020\/07\/\u0440\u0435\u0441\u0442\u043e\u0440\u0430\u043d-4-495x400.jpg' class='lightbox ' data-onclick='11' title='' ><img  src='https:\/\/etnoselostaraplanina.rs\/wp-content\/uploads\/2020\/07\/\u0440\u0435\u0441\u0442\u043e\u0440\u0430\u043d-4-495x400.jpg' width='495' height='400'  title='\u0440\u0435\u0441\u0442\u043e\u0440\u0430\u043d 4' alt='Restoran Etno selo Stara planina' \/><\/a><\/div><\/div>\n<div  class='hr hr-default  '><span class='hr-inner ' ><span class='hr-inner-style'><\/span><\/span><\/div>\n<section class=\"av_textblock_section \" ><div class='avia_textblock  '  ><h3 style=\"text-align: center;\">Panoram\u0103 de 360 \u00b0 a ambelor restaurante<\/h3>\n<\/div><\/section>\n<div class=\"flex_column av_one_half  flex_column_div av-zero-column-padding first  \" style='border-radius:0px; '><section class=\"av_textblock_section \" ><div class='avia_textblock  '  ><div class=\"momentopress-container\"><iframe class=\"momentopress-embed\" src=\"https:\/\/momento360.com\/e\/u\/617b8364b8574c7198a2d5e1a3147a79?utm_campaign=embed&amp;utm_source=other&amp;utm_medium=other&amp;heading=-50&amp;pitch=0&amp;field-of-view=75\" allowfullscreen=\"allowfullscreen\"><\/iframe><\/div>\n<\/div><\/section><\/div>\n<div class=\"flex_column av_one_half  flex_column_div av-zero-column-padding   \" style='border-radius:0px; '><section class=\"av_textblock_section \" ><div class='avia_textblock  '  ><div class=\"momentopress-container\"><iframe class=\"momentopress-embed\" src=\"https:\/\/momento360.com\/e\/u\/c7b325a4b77146a3b671f4e0a2a51e83?utm_campaign=embed&amp;utm_source=other&amp;utm_medium=other&amp;heading=200&amp;pitch=-3.6999987331709905&amp;field-of-view=75\" allowfullscreen=\"allowfullscreen\"><\/iframe><\/div>\n<\/div><\/section><\/div>\n","protected":false},"excerpt":{"rendered":"","protected":false},"author":7,"featured_media":0,"parent":0,"menu_order":0,"comment_status":"closed","ping_status":"closed","template":"","meta":{"_monsterinsights_skip_tracking":false,"_monsterinsights_sitenote_active":false,"_monsterinsights_sitenote_note":"","_monsterinsights_sitenote_category":0},"yoast_head":"<!-- This site is optimized with the Yoast SEO plugin v15.9.1 - https:\/\/yoast.com\/wordpress\/plugins\/seo\/ -->\n<title>RESTAURANT | Etno Selo Stara Planina<\/title>\n<meta name=\"robots\" content=\"index, follow, max-snippet:-1, max-image-preview:large, max-video-preview:-1\" \/>\n<link rel=\"canonical\" href=\"https:\/\/etnoselostaraplanina.rs\/ro\/restaurant\/\" \/>\n<meta property=\"og:locale\" content=\"ro_RO\" \/>\n<meta property=\"og:type\" content=\"article\" \/>\n<meta property=\"og:title\" content=\"RESTAURANT | Etno Selo Stara Planina\" \/>\n<meta property=\"og:url\" content=\"https:\/\/etnoselostaraplanina.rs\/ro\/restaurant\/\" \/>\n<meta property=\"og:site_name\" content=\"Etno Selo Stara Planina\" \/>\n<meta property=\"article:publisher\" content=\"https:\/\/www.facebook.com\/etnoselostaraplanina\/\" \/>\n<meta property=\"article:modified_time\" content=\"2020-07-15T04:43:38+00:00\" \/>\n<meta property=\"og:image\" content=\"https:\/\/etnoselostaraplanina.rs\/wp-content\/uploads\/2017\/07\/Snapshot-22-8-20-2017-6-13-PM-495x400.png\" \/>\n<meta name=\"twitter:card\" content=\"summary\" \/>\n<meta name=\"twitter:label1\" content=\"Timp estimat pentru citire\">\n\t<meta name=\"twitter:data1\" content=\"2 minute\">\n<script type=\"application\/ld+json\" class=\"yoast-schema-graph\">{\"@context\":\"https:\/\/schema.org\",\"@graph\":[{\"@type\":\"Organization\",\"@id\":\"https:\/\/etnoselostaraplanina.rs\/#organization\",\"name\":\"Etno Selo Stara Planina\",\"url\":\"https:\/\/etnoselostaraplanina.rs\/\",\"sameAs\":[\"https:\/\/www.facebook.com\/etnoselostaraplanina\/\",\"https:\/\/www.instagram.com\/etnoselo_staraplanina\/\",\"https:\/\/www.youtube.com\/@etnoselostaraplanina4457\"],\"logo\":{\"@type\":\"ImageObject\",\"@id\":\"https:\/\/etnoselostaraplanina.rs\/#logo\",\"inLanguage\":\"ro-RO\",\"url\":\"https:\/\/etnoselostaraplanina.rs\/wp-content\/uploads\/2023\/07\/New-Project.png\",\"width\":500,\"height\":500,\"caption\":\"Etno Selo Stara Planina\"},\"image\":{\"@id\":\"https:\/\/etnoselostaraplanina.rs\/#logo\"}},{\"@type\":\"WebSite\",\"@id\":\"https:\/\/etnoselostaraplanina.rs\/#website\",\"url\":\"https:\/\/etnoselostaraplanina.rs\/\",\"name\":\"Etno Selo Stara Planina\",\"description\":\"Najbolje Etno Selo u Srbiji\",\"publisher\":{\"@id\":\"https:\/\/etnoselostaraplanina.rs\/#organization\"},\"potentialAction\":[{\"@type\":\"SearchAction\",\"target\":\"https:\/\/etnoselostaraplanina.rs\/?s={search_term_string}\",\"query-input\":\"required name=search_term_string\"}],\"inLanguage\":\"ro-RO\"},{\"@type\":\"ImageObject\",\"@id\":\"https:\/\/etnoselostaraplanina.rs\/ro\/restaurant\/#primaryimage\",\"inLanguage\":\"ro-RO\",\"url\":\"https:\/\/etnoselostaraplanina.rs\/wp-content\/uploads\/2017\/07\/Snapshot-22-8-20-2017-6-13-PM.png\",\"width\":752,\"height\":423,\"caption\":\"Hrana Etno selo Stara planina\"},{\"@type\":\"WebPage\",\"@id\":\"https:\/\/etnoselostaraplanina.rs\/ro\/restaurant\/#webpage\",\"url\":\"https:\/\/etnoselostaraplanina.rs\/ro\/restaurant\/\",\"name\":\"RESTAURANT | Etno Selo Stara Planina\",\"isPartOf\":{\"@id\":\"https:\/\/etnoselostaraplanina.rs\/#website\"},\"primaryImageOfPage\":{\"@id\":\"https:\/\/etnoselostaraplanina.rs\/ro\/restaurant\/#primaryimage\"},\"datePublished\":\"2020-03-13T15:28:53+00:00\",\"dateModified\":\"2020-07-15T04:43:38+00:00\",\"breadcrumb\":{\"@id\":\"https:\/\/etnoselostaraplanina.rs\/ro\/restaurant\/#breadcrumb\"},\"inLanguage\":\"ro-RO\",\"potentialAction\":[{\"@type\":\"ReadAction\",\"target\":[\"https:\/\/etnoselostaraplanina.rs\/ro\/restaurant\/\"]}]},{\"@type\":\"BreadcrumbList\",\"@id\":\"https:\/\/etnoselostaraplanina.rs\/ro\/restaurant\/#breadcrumb\",\"itemListElement\":[{\"@type\":\"ListItem\",\"position\":1,\"item\":{\"@type\":\"WebPage\",\"@id\":\"https:\/\/etnoselostaraplanina.rs\/ro\/satul-rustic-stara-planina\/\",\"url\":\"https:\/\/etnoselostaraplanina.rs\/ro\/satul-rustic-stara-planina\/\",\"name\":\"Home\"}},{\"@type\":\"ListItem\",\"position\":2,\"item\":{\"@type\":\"WebPage\",\"@id\":\"https:\/\/etnoselostaraplanina.rs\/ro\/restaurant\/\",\"url\":\"https:\/\/etnoselostaraplanina.rs\/ro\/restaurant\/\",\"name\":\"RESTAURANT\"}}]}]}<\/script>\n<!-- \/ Yoast SEO plugin. -->","_links":{"self":[{"href":"https:\/\/etnoselostaraplanina.rs\/ro\/wp-json\/wp\/v2\/pages\/6399"}],"collection":[{"href":"https:\/\/etnoselostaraplanina.rs\/ro\/wp-json\/wp\/v2\/pages"}],"about":[{"href":"https:\/\/etnoselostaraplanina.rs\/ro\/wp-json\/wp\/v2\/types\/page"}],"author":[{"embeddable":true,"href":"https:\/\/etnoselostaraplanina.rs\/ro\/wp-json\/wp\/v2\/users\/7"}],"replies":[{"embeddable":true,"href":"https:\/\/etnoselostaraplanina.rs\/ro\/wp-json\/wp\/v2\/comments?post=6399"}],"version-history":[{"count":0,"href":"https:\/\/etnoselostaraplanina.rs\/ro\/wp-json\/wp\/v2\/pages\/6399\/revisions"}],"wp:attachment":[{"href":"https:\/\/etnoselostaraplanina.rs\/ro\/wp-json\/wp\/v2\/media?parent=6399"}],"curies":[{"name":"wp","href":"https:\/\/api.w.org\/{rel}","templated":true}]}}